{"id":89,"date":"2023-10-08T19:14:56","date_gmt":"2023-10-08T17:14:56","guid":{"rendered":"https:\/\/oncoradioarrixaca.com\/index.php\/mesmerize-2\/"},"modified":"2023-12-27T22:09:51","modified_gmt":"2023-12-27T20:09:51","slug":"mesmerize-2","status":"publish","type":"page","link":"https:\/\/oncoradioarrixaca.com\/","title":{"rendered":"Inicio"},"content":{"rendered":"<div  data-label=\"Latest-news\" data-id=\"latest_news--1\" data-export-id=\"blog-section\" data-category=\"latest_news\" class=\"blog-section blog-section-standard content-section content-section-spacing\" id=\"latest_news-1\" style=\"background-color: rgb(255, 255, 255);\"><div  class=\"gridContainer\"> <div  class=\"row\"><div  data-type=\"column\" class=\"section-title-col\"> <h2  class=\"\">\u00daltimas Noticias<\/h2> <\/div> <\/div> <div  class=\"row\"> <div  data-type=\"row\" data-dynamic-columns=\"handled\" data-content-shortcode=\"mesmerize_latest_news\">\t\t<div class=\"row center-sm content-left-sm\">\n\t\t\t\t\t<div id=\"post-1395\" class=\"col-sm-6 col-md-4 space-bottom space-bottom-xs\">\n\t\t\t\t<div class=\"post-content card y-move bordered\">\n\t\t\t\t\t<div class=\"post-thumbnail\">\n   <a href=\"https:\/\/oncoradioarrixaca.com\/index.php\/2025\/12\/11\/radioterapia-en-enfermedades-benignas\/\" class=\"post-list-item-thumb \">\n      <img fetchpriority=\"high\" decoding=\"async\" width=\"1024\" height=\"1280\" src=\"https:\/\/oncoradioarrixaca.com\/wp-content\/uploads\/2025\/12\/1-1-1024x1280.jpeg\" class=\"attachment-post-thumbnail size-post-thumbnail wp-post-image\" alt=\"\" srcset=\"https:\/\/oncoradioarrixaca.com\/wp-content\/uploads\/2025\/12\/1-1-1024x1280.jpeg 1024w, https:\/\/oncoradioarrixaca.com\/wp-content\/uploads\/2025\/12\/1-1-240x300.jpeg 240w, https:\/\/oncoradioarrixaca.com\/wp-content\/uploads\/2025\/12\/1-1-819x1024.jpeg 819w, https:\/\/oncoradioarrixaca.com\/wp-content\/uploads\/2025\/12\/1-1-768x960.jpeg 768w, https:\/\/oncoradioarrixaca.com\/wp-content\/uploads\/2025\/12\/1-1-864x1080.jpeg 864w, https:\/\/oncoradioarrixaca.com\/wp-content\/uploads\/2025\/12\/1-1.jpeg 1080w\" sizes=\"(max-width: 1024px) 100vw, 1024px\" \/>   <\/a>\n<\/div>\n\t\t\t\t\t<div class=\"col-padding col-padding-xs\">\n\t\t\t\t\t\t<h3 class=\"post-title space-bottom-small\">\n\t\t\t\t\t\t\t<a href=\"https:\/\/oncoradioarrixaca.com\/index.php\/2025\/12\/11\/radioterapia-en-enfermedades-benignas\/\" rel=\"bookmark\">\n\t\t\t\t\t\t\t\tRadioterapia en Enfermedades Benignas\t\t\t\t\t\t\t<\/a>\n\t\t\t\t\t\t<\/h3>\n\t\t\t\t\t\t<p>\u00bfSab\u00edas que la Radioterapia se utiliza para el tratamiento de patolog\u00eda benigna? En este post descubrimos en qu\u00e9 tipos de patolog\u00edas se puede utilizar. Continua leyendo para saber m\u00e1s.\u2b07\ufe0f<\/p>\n\t\t\t\t\t\t<a class=\"read-more link\" href=\"https:\/\/oncoradioarrixaca.com\/index.php\/2025\/12\/11\/radioterapia-en-enfermedades-benignas\/\">\n\t\t\t\t\t\t\tRead more\t\t\t\t\t\t<\/a>\n\t\t\t\t\t<\/div>\n\t\t\t\t<\/div>\n\t\t\t<\/div>\n\t\t\t\t\t\t<div id=\"post-1381\" class=\"col-sm-6 col-md-4 space-bottom space-bottom-xs\">\n\t\t\t\t<div class=\"post-content card y-move bordered\">\n\t\t\t\t\t<div class=\"post-thumbnail\">\n   <a href=\"https:\/\/oncoradioarrixaca.com\/index.php\/2025\/12\/04\/masajes-y-radioterapia\/\" class=\"post-list-item-thumb \">\n      <img decoding=\"async\" width=\"1024\" height=\"1280\" src=\"https:\/\/oncoradioarrixaca.com\/wp-content\/uploads\/2025\/12\/1-1024x1280.jpeg\" class=\"attachment-post-thumbnail size-post-thumbnail wp-post-image\" alt=\"\" srcset=\"https:\/\/oncoradioarrixaca.com\/wp-content\/uploads\/2025\/12\/1-1024x1280.jpeg 1024w, https:\/\/oncoradioarrixaca.com\/wp-content\/uploads\/2025\/12\/1-240x300.jpeg 240w, https:\/\/oncoradioarrixaca.com\/wp-content\/uploads\/2025\/12\/1-819x1024.jpeg 819w, https:\/\/oncoradioarrixaca.com\/wp-content\/uploads\/2025\/12\/1-768x960.jpeg 768w, https:\/\/oncoradioarrixaca.com\/wp-content\/uploads\/2025\/12\/1-864x1080.jpeg 864w, https:\/\/oncoradioarrixaca.com\/wp-content\/uploads\/2025\/12\/1.jpeg 1080w\" sizes=\"(max-width: 1024px) 100vw, 1024px\" \/>   <\/a>\n<\/div>\n\t\t\t\t\t<div class=\"col-padding col-padding-xs\">\n\t\t\t\t\t\t<h3 class=\"post-title space-bottom-small\">\n\t\t\t\t\t\t\t<a href=\"https:\/\/oncoradioarrixaca.com\/index.php\/2025\/12\/04\/masajes-y-radioterapia\/\" rel=\"bookmark\">\n\t\t\t\t\t\t\t\tMasajes y Radioterapia\t\t\t\t\t\t\t<\/a>\n\t\t\t\t\t\t<\/h3>\n\t\t\t\t\t\t<p>Los masajes son un gran aliado en la recuperaci\u00f3n tras los diferentes tratamientos. Si quieres m\u00e1s informaci\u00f3n sobre c\u00f3mo pueden beneficiarte tras tu tratamiento con radioterapia, continua leyendo para saber[&hellip;]<\/p>\n\t\t\t\t\t\t<a class=\"read-more link\" href=\"https:\/\/oncoradioarrixaca.com\/index.php\/2025\/12\/04\/masajes-y-radioterapia\/\">\n\t\t\t\t\t\t\tRead more\t\t\t\t\t\t<\/a>\n\t\t\t\t\t<\/div>\n\t\t\t\t<\/div>\n\t\t\t<\/div>\n\t\t\t\t\t\t<div id=\"post-1377\" class=\"col-sm-6 col-md-4 space-bottom space-bottom-xs\">\n\t\t\t\t<div class=\"post-content card y-move bordered\">\n\t\t\t\t\t<div class=\"post-thumbnail\">\n   <a href=\"https:\/\/oncoradioarrixaca.com\/index.php\/2025\/11\/20\/mitos-cancer-de-prostata-2-0\/\" class=\"post-list-item-thumb \">\n      <img decoding=\"async\" width=\"1024\" height=\"1820\" src=\"https:\/\/oncoradioarrixaca.com\/wp-content\/uploads\/2025\/11\/PHOTO-2025-11-20-12-14-49-1024x1820.jpg\" class=\"attachment-post-thumbnail size-post-thumbnail wp-post-image\" alt=\"\" srcset=\"https:\/\/oncoradioarrixaca.com\/wp-content\/uploads\/2025\/11\/PHOTO-2025-11-20-12-14-49-1024x1820.jpg 1024w, https:\/\/oncoradioarrixaca.com\/wp-content\/uploads\/2025\/11\/PHOTO-2025-11-20-12-14-49-169x300.jpg 169w, https:\/\/oncoradioarrixaca.com\/wp-content\/uploads\/2025\/11\/PHOTO-2025-11-20-12-14-49-576x1024.jpg 576w, https:\/\/oncoradioarrixaca.com\/wp-content\/uploads\/2025\/11\/PHOTO-2025-11-20-12-14-49-768x1365.jpg 768w, https:\/\/oncoradioarrixaca.com\/wp-content\/uploads\/2025\/11\/PHOTO-2025-11-20-12-14-49-864x1536.jpg 864w, https:\/\/oncoradioarrixaca.com\/wp-content\/uploads\/2025\/11\/PHOTO-2025-11-20-12-14-49-608x1080.jpg 608w, https:\/\/oncoradioarrixaca.com\/wp-content\/uploads\/2025\/11\/PHOTO-2025-11-20-12-14-49.jpg 1080w\" sizes=\"(max-width: 1024px) 100vw, 1024px\" \/>   <\/a>\n<\/div>\n\t\t\t\t\t<div class=\"col-padding col-padding-xs\">\n\t\t\t\t\t\t<h3 class=\"post-title space-bottom-small\">\n\t\t\t\t\t\t\t<a href=\"https:\/\/oncoradioarrixaca.com\/index.php\/2025\/11\/20\/mitos-cancer-de-prostata-2-0\/\" rel=\"bookmark\">\n\t\t\t\t\t\t\t\tMitos C\u00e1ncer de Pr\u00f3stata 2.0\t\t\t\t\t\t\t<\/a>\n\t\t\t\t\t\t<\/h3>\n\t\t\t\t\t\t<p>Continuamos Movember desmintiendo mitos acerca del c\u00e1ncer de pr\u00f3stata. Hoy la Dra. Gonz\u00e1lez nos habla sobre tres de ellos. Tratamos el c\u00e1ncer y cuidamos de ti.<\/p>\n\t\t\t\t\t\t<a class=\"read-more link\" href=\"https:\/\/oncoradioarrixaca.com\/index.php\/2025\/11\/20\/mitos-cancer-de-prostata-2-0\/\">\n\t\t\t\t\t\t\tRead more\t\t\t\t\t\t<\/a>\n\t\t\t\t\t<\/div>\n\t\t\t\t<\/div>\n\t\t\t<\/div>\n\t\t\t\t<\/div>\n\t<\/div><\/div> <div  class=\"row\"><div  class=\"text-center\"> <a  class=\"button color1\" data-attr-shortcode=\"href:mesmerize_blog_link\" href=\"https:\/\/oncoradioarrixaca.com\/index.php\/noticias\/\">Todas las noticias<\/a><\/div> <\/div><\/div><\/div>","protected":false},"excerpt":{"rendered":"<p>\u00daltimas Noticias Todas las noticias<\/p>\n","protected":false},"author":1,"featured_media":0,"parent":0,"menu_order":0,"comment_status":"closed","ping_status":"closed","template":"page-templates\/homepage.php","meta":{"footnotes":""},"class_list":["post-89","page","type-page","status-publish","hentry"],"_links":{"self":[{"href":"https:\/\/oncoradioarrixaca.com\/index.php\/wp-json\/wp\/v2\/pages\/89","targetHints":{"allow":["GET"]}}],"collection":[{"href":"https:\/\/oncoradioarrixaca.com\/index.php\/wp-json\/wp\/v2\/pages"}],"about":[{"href":"https:\/\/oncoradioarrixaca.com\/index.php\/wp-json\/wp\/v2\/types\/page"}],"author":[{"embeddable":true,"href":"https:\/\/oncoradioarrixaca.com\/index.php\/wp-json\/wp\/v2\/users\/1"}],"replies":[{"embeddable":true,"href":"https:\/\/oncoradioarrixaca.com\/index.php\/wp-json\/wp\/v2\/comments?post=89"}],"version-history":[{"count":11,"href":"https:\/\/oncoradioarrixaca.com\/index.php\/wp-json\/wp\/v2\/pages\/89\/revisions"}],"predecessor-version":[{"id":555,"href":"https:\/\/oncoradioarrixaca.com\/index.php\/wp-json\/wp\/v2\/pages\/89\/revisions\/555"}],"wp:attachment":[{"href":"https:\/\/oncoradioarrixaca.com\/index.php\/wp-json\/wp\/v2\/media?parent=89"}],"curies":[{"name":"wp","href":"https:\/\/api.w.org\/{rel}","templated":true}]}}