{"id":316,"date":"2023-10-26T23:51:40","date_gmt":"2023-10-26T21:51:40","guid":{"rendered":"https:\/\/oncoradioarrixaca.com\/?page_id=316"},"modified":"2023-10-29T11:47:18","modified_gmt":"2023-10-29T09:47:18","slug":"sobre-nosotros-2","status":"publish","type":"page","link":"https:\/\/oncoradioarrixaca.com\/index.php\/sobre-nosotros-2\/","title":{"rendered":"Sobre Nosotros"},"content":{"rendered":"\t\t\t\t\t\t<style>\r\n\t\t\t\t<style>\r\n#wpsm_accordion_311 .wpsm_panel-heading{\r\n\tpadding:0px !important;\r\n}\r\n#wpsm_accordion_311 .wpsm_panel-title {\r\n\tmargin:0px !important; \r\n\ttext-transform:none !important;\r\n\tline-height: 1 !important;\r\n}\r\n#wpsm_accordion_311 .wpsm_panel-title a{\r\n\ttext-decoration:none;\r\n\toverflow:hidden;\r\n\tdisplay:block;\r\n\tpadding:0px;\r\n\tfont-size: 18px !important;\r\n\tfont-family: Open Sans !important;\r\n\tcolor:#000000 !important;\r\n\tborder-bottom:0px !important;\r\n}\r\n\r\n#wpsm_accordion_311 .wpsm_panel-title a:focus {\r\noutline: 0px !important;\r\n}\r\n\r\n#wpsm_accordion_311 .wpsm_panel-title a:hover, #wpsm_accordion_311 .wpsm_panel-title a:focus {\r\n\tcolor:#000000 !important;\r\n}\r\n#wpsm_accordion_311 .acc-a{\r\n\tcolor: #000000 !important;\r\n\tbackground-color:#ddd3e2 !important;\r\n\tborder-color: #ddd;\r\n}\r\n#wpsm_accordion_311 .wpsm_panel-default > .wpsm_panel-heading{\r\n\tcolor: #000000 !important;\r\n\tbackground-color: #ddd3e2 !important;\r\n\tborder-color: #ddd3e2 !important;\r\n\tborder-top-left-radius: 0px;\r\n\tborder-top-right-radius: 0px;\r\n}\r\n#wpsm_accordion_311 .wpsm_panel-default {\r\n\t\tborder:1px solid transparent !important;\r\n\t}\r\n#wpsm_accordion_311 {\r\n\tmargin-bottom: 20px;\r\n\toverflow: hidden;\r\n\tfloat: none;\r\n\twidth: 100%;\r\n\tdisplay: block;\r\n}\r\n#wpsm_accordion_311 .ac_title_class{\r\n\tdisplay: block;\r\n\tpadding-top: 12px;\r\n\tpadding-bottom: 12px;\r\n\tpadding-left: 15px;\r\n\tpadding-right: 15px;\r\n}\r\n#wpsm_accordion_311  .wpsm_panel {\r\n\toverflow:hidden;\r\n\t-webkit-box-shadow: 0 0px 0px rgba(0, 0, 0, .05);\r\n\tbox-shadow: 0 0px 0px rgba(0, 0, 0, .05);\r\n\t\tborder-radius: 4px;\r\n\t}\r\n#wpsm_accordion_311  .wpsm_panel + .wpsm_panel {\r\n\t\tmargin-top: 5px;\r\n\t}\r\n#wpsm_accordion_311  .wpsm_panel-body{\r\n\tbackground-color:#ffffff !important;\r\n\tcolor:#000000 !important;\r\n\tborder-top-color: #ddd3e2 !important;\r\n\tfont-size:16px !important;\r\n\tfont-family: Open Sans !important;\r\n\toverflow: hidden;\r\n\t\tborder: 2px solid #ddd3e2 !important;\r\n\t}\r\n\r\n#wpsm_accordion_311 .ac_open_cl_icon{\r\n\tbackground-color:#ddd3e2 !important;\r\n\tcolor: #000000 !important;\r\n\tfloat:right !important;\r\n\tpadding-top: 12px !important;\r\n\tpadding-bottom: 12px !important;\r\n\tline-height: 1.0 !important;\r\n\tpadding-left: 15px !important;\r\n\tpadding-right: 15px !important;\r\n\tdisplay: inline-block !important;\r\n}\r\n\r\n\t\t\t\r\n\t\t\t<\/style>\t\r\n\t\t\t<\/style>\r\n\t\t\t<div class=\"wpsm_panel-group\" id=\"wpsm_accordion_311\" >\r\n\t\t\t\t\t\t\t\t\r\n\t\t\t\t\t<!-- Inner panel Start -->\r\n\t\t\t\t\t<div class=\"wpsm_panel wpsm_panel-default\">\r\n\t\t\t\t\t\t<div class=\"wpsm_panel-heading\" role=\"tab\" >\r\n\t\t\t\t\t\t  <h4 class=\"wpsm_panel-title\">\r\n\t\t\t\t\t\t\t<a  class=\"\"  data-toggle=\"collapse\" data-parent=\"#wpsm_accordion_311 \" href=\"javascript:void(0)\" data-target=\"#ac_311_collapse1\" onclick=\"do_resize()\">\r\n\t\t\t\t\t\t\t\t\t\t\t\t\t\t\t\t\t<span class=\"ac_open_cl_icon fa fa-plus\"><\/span>\r\n\t\t\t\t\t\t\t\t\t\r\n\t\t\t\t\t\t\t\t \r\n\t\t\t\t\t\t\t\t<span class=\"ac_title_class\">\r\n\t\t\t\t\t\t\t\t\tEL SERVICIO:\t\t\t\t\t\t\t\t<\/span>\r\n\t\t\t\t\t\t\t<\/a>\r\n\t\t\t\t\t\t  <\/h4>\r\n\t\t\t\t\t\t<\/div>\r\n\t\t\t\t\t\t<div id=\"ac_311_collapse1\" class=\"wpsm_panel-collapse collapse \"  >\r\n\t\t\t\t\t\t  <div class=\"wpsm_panel-body\">\r\n\t\t\t\t\t\t\t<p style=\"font-weight: 400;text-align: center\">Nuestro servicio est\u00e1 ubicado en la planta -2 del Hospital General (al lado del servicio de Farmacia Hospitalaria).<\/p>\r\n<p style=\"font-weight: 400\"><strong>\u00a0<\/strong><\/p>\r\n<p style=\"font-weight: 400\"><img fetchpriority=\"high\" decoding=\"async\" class=\"aligncenter wp-image-349 \" src=\"https:\/\/oncoradioarrixaca.com\/wp-content\/uploads\/2023\/10\/Foto-entrada-1440x1080.jpg\" alt=\"\" width=\"459\" height=\"344\" srcset=\"https:\/\/oncoradioarrixaca.com\/wp-content\/uploads\/2023\/10\/Foto-entrada-1440x1080.jpg 1440w, https:\/\/oncoradioarrixaca.com\/wp-content\/uploads\/2023\/10\/Foto-entrada-300x225.jpg 300w, https:\/\/oncoradioarrixaca.com\/wp-content\/uploads\/2023\/10\/Foto-entrada-1024x768.jpg 1024w, https:\/\/oncoradioarrixaca.com\/wp-content\/uploads\/2023\/10\/Foto-entrada-768x576.jpg 768w, https:\/\/oncoradioarrixaca.com\/wp-content\/uploads\/2023\/10\/Foto-entrada-1536x1152.jpg 1536w, https:\/\/oncoradioarrixaca.com\/wp-content\/uploads\/2023\/10\/Foto-entrada-2048x1536.jpg 2048w\" sizes=\"(max-width: 459px) 100vw, 459px\" \/><\/p>\r\n<p style=\"font-weight: 400;text-align: center\">Los profesionales de este servicio est\u00e1n comprometidos con una atenci\u00f3n de calidad, dentro de un marco interdisciplinar, trabajando por y para el paciente oncol\u00f3gico.<\/p>\r\n<p style=\"font-weight: 400;text-align: center\">Nuestro trabajo en equipo se compone de diferentes tareas enlazadas\u00a0 para alcanzar un tratamiento de radioterapia adaptado y personalizado a cada paciente:<\/p>\r\n\r\n<ul>\r\n \t<li>Primera visita y atenci\u00f3n al paciente en consulta.<\/li>\r\n \t<li>Realizaci\u00f3n de TAC de simulaci\u00f3n.<\/li>\r\n \t<li>Dise\u00f1o y planificaci\u00f3n de tratamientos.<\/li>\r\n \t<li>Tratamientos de braquiterapia e implantes en el radioquir\u00f3fano.<\/li>\r\n \t<li>Verificaci\u00f3n de dosimetr\u00eda cl\u00ednica personalizada.<\/li>\r\n \t<li>Cuidados antes, durante y tras el tratamiento de radioterapia.<\/li>\r\n \t<li>Atenci\u00f3n en planta de hospitalizaci\u00f3n.<\/li>\r\n<\/ul>\r\n<p style=\"font-weight: 400;text-align: center\">Adem\u00e1s, fomentamos la actividad investigadora de nuestros facultativos especialistas y residentes mediante la participaci\u00f3n dentro de ensayos cl\u00ednicos a nivel nacional.<\/p>\t\t\t\t\t\t  <\/div>\r\n\t\t\t\t\t\t<\/div>\r\n\t\t\t\t\t<\/div>\r\n\t\t\t\t\t<!-- Inner panel End -->\r\n\t\t\t\t\t\r\n\t\t\t\t\t\t\t\t\r\n\t\t\t\t\t<!-- Inner panel Start -->\r\n\t\t\t\t\t<div class=\"wpsm_panel wpsm_panel-default\">\r\n\t\t\t\t\t\t<div class=\"wpsm_panel-heading\" role=\"tab\" >\r\n\t\t\t\t\t\t  <h4 class=\"wpsm_panel-title\">\r\n\t\t\t\t\t\t\t<a  class=\"collapsed\"  data-toggle=\"collapse\" data-parent=\"#wpsm_accordion_311 \" href=\"javascript:void(0)\" data-target=\"#ac_311_collapse2\" onclick=\"do_resize()\">\r\n\t\t\t\t\t\t\t\t\t\t\t\t\t\t\t\t\t<span class=\"ac_open_cl_icon fa fa-plus\"><\/span>\r\n\t\t\t\t\t\t\t\t\t\r\n\t\t\t\t\t\t\t\t \r\n\t\t\t\t\t\t\t\t<span class=\"ac_title_class\">\r\n\t\t\t\t\t\t\t\t\tNUESTRO EQUIPO:\t\t\t\t\t\t\t\t<\/span>\r\n\t\t\t\t\t\t\t<\/a>\r\n\t\t\t\t\t\t  <\/h4>\r\n\t\t\t\t\t\t<\/div>\r\n\t\t\t\t\t\t<div id=\"ac_311_collapse2\" class=\"wpsm_panel-collapse collapse \"  >\r\n\t\t\t\t\t\t  <div class=\"wpsm_panel-body\">\r\n\t\t\t\t\t\t\t<p style=\"font-weight: 400;text-align: center\">Compuesto por 13 facultativos especialistas adjuntos divididos en dos secciones.<\/p>\r\n<p style=\"font-weight: 400;text-align: center\">La secci\u00f3n A especializada en tumores de pr\u00f3stata y v\u00edas urinarias, tumores tor\u00e1cicos, sarcomas, tumores de piel, tumores del sistema nervioso central y tumores del sistema digestivo inferior.<\/p>\r\n<p style=\"font-weight: 400;text-align: center\">La secci\u00f3n B especializada en tumores ginecol\u00f3gicos y mamarios, tumores de cabeza y cuello, tumores de digestivo superior, tumores hematol\u00f3gicos y patolog\u00eda benigna.<\/p>\r\n<p style=\"font-weight: 400;text-align: center\">Un grupo reducido y subespecializado de nuestros facultativos m\u00e9dicos componen una secci\u00f3n independiente dedicada de forma exclusiva a pacientes pedi\u00e1tricos.<\/p>\r\n<p style=\"font-weight: 400;text-align: center\">Disponemos de un residente por a\u00f1o dentro del sistema de M\u00e9dicos Internos Residentes (MIR).<\/p>\r\n<p style=\"font-weight: 400;text-align: center\">El resto del personal del servicio lo componen: 6 radiof\u00edsicos, 10 enfermeros, 20 t\u00e9cnicos de radioterapia, 6 auxiliares de enfermer\u00eda, 3 t\u00e9cnicos administrativos y 3 celadores.<\/p>\r\n<img decoding=\"async\" class=\"aligncenter wp-image-348 \" src=\"https:\/\/oncoradioarrixaca.com\/wp-content\/uploads\/2023\/10\/FullSizeRender-1517x1080.jpg\" alt=\"\" width=\"677\" height=\"482\" srcset=\"https:\/\/oncoradioarrixaca.com\/wp-content\/uploads\/2023\/10\/FullSizeRender-1517x1080.jpg 1517w, https:\/\/oncoradioarrixaca.com\/wp-content\/uploads\/2023\/10\/FullSizeRender-300x214.jpg 300w, https:\/\/oncoradioarrixaca.com\/wp-content\/uploads\/2023\/10\/FullSizeRender-1024x729.jpg 1024w, https:\/\/oncoradioarrixaca.com\/wp-content\/uploads\/2023\/10\/FullSizeRender-768x547.jpg 768w, https:\/\/oncoradioarrixaca.com\/wp-content\/uploads\/2023\/10\/FullSizeRender-1536x1093.jpg 1536w, https:\/\/oncoradioarrixaca.com\/wp-content\/uploads\/2023\/10\/FullSizeRender-2048x1458.jpg 2048w\" sizes=\"(max-width: 677px) 100vw, 677px\" \/>\r\n<p style=\"text-align: center\"><a href=\"https:\/\/oncoradioarrixaca.com\/index.php\/sobre-nosotros\/\">Nuestro Equipo<\/a><\/p>\t\t\t\t\t\t  <\/div>\r\n\t\t\t\t\t\t<\/div>\r\n\t\t\t\t\t<\/div>\r\n\t\t\t\t\t<!-- Inner panel End -->\r\n\t\t\t\t\t\r\n\t\t\t\t\t\t\t\t\r\n\t\t\t\t\t<!-- Inner panel Start -->\r\n\t\t\t\t\t<div class=\"wpsm_panel wpsm_panel-default\">\r\n\t\t\t\t\t\t<div class=\"wpsm_panel-heading\" role=\"tab\" >\r\n\t\t\t\t\t\t  <h4 class=\"wpsm_panel-title\">\r\n\t\t\t\t\t\t\t<a  class=\"collapsed\"  data-toggle=\"collapse\" data-parent=\"#wpsm_accordion_311 \" href=\"javascript:void(0)\" data-target=\"#ac_311_collapse3\" onclick=\"do_resize()\">\r\n\t\t\t\t\t\t\t\t\t\t\t\t\t\t\t\t\t<span class=\"ac_open_cl_icon fa fa-plus\"><\/span>\r\n\t\t\t\t\t\t\t\t\t\r\n\t\t\t\t\t\t\t\t \r\n\t\t\t\t\t\t\t\t<span class=\"ac_title_class\">\r\n\t\t\t\t\t\t\t\t\tINSTALACIONES:\t\t\t\t\t\t\t\t<\/span>\r\n\t\t\t\t\t\t\t<\/a>\r\n\t\t\t\t\t\t  <\/h4>\r\n\t\t\t\t\t\t<\/div>\r\n\t\t\t\t\t\t<div id=\"ac_311_collapse3\" class=\"wpsm_panel-collapse collapse \"  >\r\n\t\t\t\t\t\t  <div class=\"wpsm_panel-body\">\r\n\t\t\t\t\t\t\t<p style=\"font-weight: 400;text-align: center\">Como dotaci\u00f3n t\u00e9cnica, el servicio cuenta con tres aceleradores (dos VERSA HD y un INFINITY) y dos nuevos aceleradores VERSA HD que iniciar\u00e1n tratamientos con pacientes el pr\u00f3ximo a\u00f1o.<\/p>\r\n\u00a0 \u00a0 \u00a0 \u00a0 \u00a0 \u00a0 \u00a0 \u00a0 \u00a0 \u00a0 \u00a0 \u00a0 \u00a0 \u00a0 \u00a0 \u00a0 \u00a0 \u00a0 \u00a0 \u00a0 \u00a0 \u00a0 \u00a0 \u00a0 \u00a0 \u00a0 \u00a0<img decoding=\"async\" class=\"alignnone wp-image-351\" src=\"https:\/\/oncoradioarrixaca.com\/wp-content\/uploads\/2023\/10\/AL1-810x1080.jpg\" alt=\"\" width=\"292\" height=\"389\" srcset=\"https:\/\/oncoradioarrixaca.com\/wp-content\/uploads\/2023\/10\/AL1-810x1080.jpg 810w, https:\/\/oncoradioarrixaca.com\/wp-content\/uploads\/2023\/10\/AL1-225x300.jpg 225w, https:\/\/oncoradioarrixaca.com\/wp-content\/uploads\/2023\/10\/AL1-768x1024.jpg 768w, https:\/\/oncoradioarrixaca.com\/wp-content\/uploads\/2023\/10\/AL1-1152x1536.jpg 1152w, https:\/\/oncoradioarrixaca.com\/wp-content\/uploads\/2023\/10\/AL1-1536x2048.jpg 1536w, https:\/\/oncoradioarrixaca.com\/wp-content\/uploads\/2023\/10\/AL1-1024x1365.jpg 1024w, https:\/\/oncoradioarrixaca.com\/wp-content\/uploads\/2023\/10\/AL1-scaled.jpg 1920w\" sizes=\"(max-width: 292px) 100vw, 292px\" \/>\u00a0 \u00a0 \u00a0 \u00a0 \u00a0 \u00a0 \u00a0 \u00a0 \u00a0 \u00a0 \u00a0 \u00a0 \u00a0 \u00a0 \u00a0 \u00a0 \u00a0 <img loading=\"lazy\" decoding=\"async\" class=\"alignnone wp-image-350\" src=\"https:\/\/oncoradioarrixaca.com\/wp-content\/uploads\/2023\/10\/AL-810x1080.jpg\" alt=\"\" width=\"292\" height=\"389\" srcset=\"https:\/\/oncoradioarrixaca.com\/wp-content\/uploads\/2023\/10\/AL-810x1080.jpg 810w, https:\/\/oncoradioarrixaca.com\/wp-content\/uploads\/2023\/10\/AL-225x300.jpg 225w, https:\/\/oncoradioarrixaca.com\/wp-content\/uploads\/2023\/10\/AL-768x1024.jpg 768w, https:\/\/oncoradioarrixaca.com\/wp-content\/uploads\/2023\/10\/AL-1152x1536.jpg 1152w, https:\/\/oncoradioarrixaca.com\/wp-content\/uploads\/2023\/10\/AL-1536x2048.jpg 1536w, https:\/\/oncoradioarrixaca.com\/wp-content\/uploads\/2023\/10\/AL-1024x1365.jpg 1024w, https:\/\/oncoradioarrixaca.com\/wp-content\/uploads\/2023\/10\/AL-scaled.jpg 1920w\" sizes=\"(max-width: 292px) 100vw, 292px\" \/>\r\n<p style=\"font-weight: 400;text-align: center\">Adem\u00e1s, contamos con un TAC-simulaci\u00f3n propio, un radioquir\u00f3fano y un equipo de braquiterapia de alta tasa (HDR).<\/p>\r\n\u00a0 \u00a0 \u00a0 \u00a0 \u00a0 \u00a0 \u00a0 \u00a0 \u00a0 \u00a0 \u00a0 \u00a0 \u00a0 \u00a0 \u00a0 \u00a0 \u00a0 \u00a0 \u00a0 \u00a0 \u00a0 \u00a0 \u00a0 \u00a0 \u00a0 \u00a0 \u00a0<img loading=\"lazy\" decoding=\"async\" class=\"alignnone wp-image-353\" src=\"https:\/\/oncoradioarrixaca.com\/wp-content\/uploads\/2023\/10\/TC-1350x1080.jpg\" alt=\"\" width=\"313\" height=\"250\" data-wp-editing=\"1\" srcset=\"https:\/\/oncoradioarrixaca.com\/wp-content\/uploads\/2023\/10\/TC-1350x1080.jpg 1350w, https:\/\/oncoradioarrixaca.com\/wp-content\/uploads\/2023\/10\/TC-300x240.jpg 300w, https:\/\/oncoradioarrixaca.com\/wp-content\/uploads\/2023\/10\/TC-1024x819.jpg 1024w, https:\/\/oncoradioarrixaca.com\/wp-content\/uploads\/2023\/10\/TC-768x614.jpg 768w, https:\/\/oncoradioarrixaca.com\/wp-content\/uploads\/2023\/10\/TC-1536x1229.jpg 1536w, https:\/\/oncoradioarrixaca.com\/wp-content\/uploads\/2023\/10\/TC-2048x1638.jpg 2048w\" sizes=\"(max-width: 313px) 100vw, 313px\" \/>\u00a0 \u00a0 \u00a0 \u00a0 \u00a0 \u00a0 \u00a0 \u00a0 \u00a0 \u00a0 \u00a0 \u00a0 \u00a0 \u00a0 \u00a0<img loading=\"lazy\" decoding=\"async\" class=\"alignnone wp-image-354\" src=\"https:\/\/oncoradioarrixaca.com\/wp-content\/uploads\/2023\/10\/Quirofano-1440x1080.jpg\" alt=\"\" width=\"332\" height=\"249\" srcset=\"https:\/\/oncoradioarrixaca.com\/wp-content\/uploads\/2023\/10\/Quirofano-1440x1080.jpg 1440w, https:\/\/oncoradioarrixaca.com\/wp-content\/uploads\/2023\/10\/Quirofano-300x225.jpg 300w, https:\/\/oncoradioarrixaca.com\/wp-content\/uploads\/2023\/10\/Quirofano-1024x768.jpg 1024w, https:\/\/oncoradioarrixaca.com\/wp-content\/uploads\/2023\/10\/Quirofano-768x576.jpg 768w, https:\/\/oncoradioarrixaca.com\/wp-content\/uploads\/2023\/10\/Quirofano-1536x1152.jpg 1536w, https:\/\/oncoradioarrixaca.com\/wp-content\/uploads\/2023\/10\/Quirofano.jpg 2016w\" sizes=\"(max-width: 332px) 100vw, 332px\" \/>\r\n<p style=\"text-align: center\">Gracias a nuestra infraestructura, podemos realizar t\u00e9cnicas avanzadas en radioterapia y control guiado por imagen para proporcionar un tratamiento de calidad a los pacientes.<\/p>\t\t\t\t\t\t  <\/div>\r\n\t\t\t\t\t\t<\/div>\r\n\t\t\t\t\t<\/div>\r\n\t\t\t\t\t<!-- Inner panel End -->\r\n\t\t\t\t\t\r\n\t\t\t\t\t\t\t\t\r\n\t\t\t\t\t<!-- Inner panel Start -->\r\n\t\t\t\t\t<div class=\"wpsm_panel wpsm_panel-default\">\r\n\t\t\t\t\t\t<div class=\"wpsm_panel-heading\" role=\"tab\" >\r\n\t\t\t\t\t\t  <h4 class=\"wpsm_panel-title\">\r\n\t\t\t\t\t\t\t<a  class=\"collapsed\"  data-toggle=\"collapse\" data-parent=\"#wpsm_accordion_311 \" href=\"javascript:void(0)\" data-target=\"#ac_311_collapse4\" onclick=\"do_resize()\">\r\n\t\t\t\t\t\t\t\t\t\t\t\t\t\t\t\t\t<span class=\"ac_open_cl_icon fa fa-plus\"><\/span>\r\n\t\t\t\t\t\t\t\t\t\r\n\t\t\t\t\t\t\t\t \r\n\t\t\t\t\t\t\t\t<span class=\"ac_title_class\">\r\n\t\t\t\t\t\t\t\t\tT\u00c9CNICAS:\t\t\t\t\t\t\t\t<\/span>\r\n\t\t\t\t\t\t\t<\/a>\r\n\t\t\t\t\t\t  <\/h4>\r\n\t\t\t\t\t\t<\/div>\r\n\t\t\t\t\t\t<div id=\"ac_311_collapse4\" class=\"wpsm_panel-collapse collapse \"  >\r\n\t\t\t\t\t\t  <div class=\"wpsm_panel-body\">\r\n\t\t\t\t\t\t\t<ul>\r\n \t<li style=\"list-style-type: none\">\r\n<ul>\r\n \t<li style=\"font-weight: 400\">IMRT (Radioterapia de intensidad modulada).<\/li>\r\n \t<li style=\"font-weight: 400\">VMAT (Arcoterapia volum\u00e9trica de intensidad modulada).<\/li>\r\n \t<li style=\"font-weight: 400\">SBRT (Radioterapia estereot\u00e1ctica corporal).<\/li>\r\n \t<li style=\"font-weight: 400\">Radiocirug\u00eda.<\/li>\r\n \t<li style=\"font-weight: 400\">Radioterapia estereot\u00e1ctica hipofraccionada.<\/li>\r\n \t<li style=\"font-weight: 400\">Radioterapia con control respiratorio (DIBH).<\/li>\r\n \t<li style=\"font-weight: 400\">Radioterapia guiada por superficie.<\/li>\r\n \t<li style=\"font-weight: 400\">Irradiaci\u00f3n corporal total.<\/li>\r\n \t<li style=\"font-weight: 400\">Radioterapia intraoperatoria en tumores mamarios.<\/li>\r\n \t<li style=\"font-weight: 400\">Braquiterapia de alta tasa: pr\u00f3stata, tumores ginecol\u00f3gicos, mama, cabeza y cuello y piel.<\/li>\r\n<\/ul>\r\n<\/li>\r\n<\/ul>\r\n\n\t\t<style type=\"text\/css\">\n\t\t\t#gallery-1 {\n\t\t\t\tmargin: auto;\n\t\t\t}\n\t\t\t#gallery-1 .gallery-item {\n\t\t\t\tfloat: left;\n\t\t\t\tmargin-top: 10px;\n\t\t\t\ttext-align: center;\n\t\t\t\twidth: 33%;\n\t\t\t}\n\t\t\t#gallery-1 img {\n\t\t\t\tborder: 2px solid #cfcfcf;\n\t\t\t}\n\t\t\t#gallery-1 .gallery-caption {\n\t\t\t\tmargin-left: 0;\n\t\t\t}\n\t\t\t\/* see gallery_shortcode() in wp-includes\/media.php *\/\n\t\t<\/style>\n\t\t<div id='gallery-1' class='gallery galleryid-311 gallery-columns-3 gallery-size-full'><dl class='gallery-item'>\n\t\t\t<dt class='gallery-icon landscape'>\n\t\t\t\t<a href='https:\/\/oncoradioarrixaca.com\/rio1\/'><img loading=\"lazy\" decoding=\"async\" width=\"1024\" height=\"768\" src=\"https:\/\/oncoradioarrixaca.com\/wp-content\/uploads\/2023\/10\/RIO1.jpg\" class=\"attachment-full size-full\" alt=\"\" aria-describedby=\"gallery-1-356\" srcset=\"https:\/\/oncoradioarrixaca.com\/wp-content\/uploads\/2023\/10\/RIO1.jpg 1024w, https:\/\/oncoradioarrixaca.com\/wp-content\/uploads\/2023\/10\/RIO1-300x225.jpg 300w, https:\/\/oncoradioarrixaca.com\/wp-content\/uploads\/2023\/10\/RIO1-768x576.jpg 768w\" sizes=\"(max-width: 1024px) 100vw, 1024px\" \/><\/a>\n\t\t\t<\/dt>\n\t\t\t\t<dd class='wp-caption-text gallery-caption' id='gallery-1-356'>\n\t\t\t\tRadioterapia Intraoperatoria\n\t\t\t\t<\/dd><\/dl><dl class='gallery-item'>\n\t\t\t<dt class='gallery-icon portrait'>\n\t\t\t\t<a href='https:\/\/oncoradioarrixaca.com\/rio-2\/'><img loading=\"lazy\" decoding=\"async\" width=\"441\" height=\"491\" src=\"https:\/\/oncoradioarrixaca.com\/wp-content\/uploads\/2023\/10\/RIO.jpg\" class=\"attachment-full size-full\" alt=\"\" aria-describedby=\"gallery-1-355\" srcset=\"https:\/\/oncoradioarrixaca.com\/wp-content\/uploads\/2023\/10\/RIO.jpg 441w, https:\/\/oncoradioarrixaca.com\/wp-content\/uploads\/2023\/10\/RIO-269x300.jpg 269w\" sizes=\"(max-width: 441px) 100vw, 441px\" \/><\/a>\n\t\t\t<\/dt>\n\t\t\t\t<dd class='wp-caption-text gallery-caption' id='gallery-1-355'>\n\t\t\t\tDispositivo de Radioterapia Intraoperatoria\n\t\t\t\t<\/dd><\/dl><dl class='gallery-item'>\n\t\t\t<dt class='gallery-icon landscape'>\n\t\t\t\t<a href='https:\/\/oncoradioarrixaca.com\/braqui-prostata\/'><img loading=\"lazy\" decoding=\"async\" width=\"1024\" height=\"610\" src=\"https:\/\/oncoradioarrixaca.com\/wp-content\/uploads\/2023\/10\/Braqui-prostata.jpg\" class=\"attachment-full size-full\" alt=\"\" aria-describedby=\"gallery-1-352\" srcset=\"https:\/\/oncoradioarrixaca.com\/wp-content\/uploads\/2023\/10\/Braqui-prostata.jpg 1024w, https:\/\/oncoradioarrixaca.com\/wp-content\/uploads\/2023\/10\/Braqui-prostata-300x179.jpg 300w, https:\/\/oncoradioarrixaca.com\/wp-content\/uploads\/2023\/10\/Braqui-prostata-768x458.jpg 768w\" sizes=\"(max-width: 1024px) 100vw, 1024px\" \/><\/a>\n\t\t\t<\/dt>\n\t\t\t\t<dd class='wp-caption-text gallery-caption' id='gallery-1-352'>\n\t\t\t\tBraquiterapia de Pr\u00f3stata\n\t\t\t\t<\/dd><\/dl><br style=\"clear: both\" \/>\n\t\t<\/div>\n\t\t\t\t\t\t  <\/div>\r\n\t\t\t\t\t\t<\/div>\r\n\t\t\t\t\t<\/div>\r\n\t\t\t\t\t<!-- Inner panel End -->\r\n\t\t\t\t\t\r\n\t\t\t\t\t\t\t\t\r\n\t\t\t\t\t<!-- Inner panel Start -->\r\n\t\t\t\t\t<div class=\"wpsm_panel wpsm_panel-default\">\r\n\t\t\t\t\t\t<div class=\"wpsm_panel-heading\" role=\"tab\" >\r\n\t\t\t\t\t\t  <h4 class=\"wpsm_panel-title\">\r\n\t\t\t\t\t\t\t<a  class=\"collapsed\"  data-toggle=\"collapse\" data-parent=\"#wpsm_accordion_311 \" href=\"javascript:void(0)\" data-target=\"#ac_311_collapse5\" onclick=\"do_resize()\">\r\n\t\t\t\t\t\t\t\t\t\t\t\t\t\t\t\t\t<span class=\"ac_open_cl_icon fa fa-plus\"><\/span>\r\n\t\t\t\t\t\t\t\t\t\r\n\t\t\t\t\t\t\t\t \r\n\t\t\t\t\t\t\t\t<span class=\"ac_title_class\">\r\n\t\t\t\t\t\t\t\t\tNUESTRO COMPROMISO:\t\t\t\t\t\t\t\t<\/span>\r\n\t\t\t\t\t\t\t<\/a>\r\n\t\t\t\t\t\t  <\/h4>\r\n\t\t\t\t\t\t<\/div>\r\n\t\t\t\t\t\t<div id=\"ac_311_collapse5\" class=\"wpsm_panel-collapse collapse \"  >\r\n\t\t\t\t\t\t  <div class=\"wpsm_panel-body\">\r\n\t\t\t\t\t\t\t<p style=\"font-weight: 400;text-align: center\">El principal objetivo durante el periodo de tratamiento y seguimiento es ofrecer a cada uno de nuestros pacientes la mejor opci\u00f3n de tratamiento seg\u00fan su diagn\u00f3stico, apoy\u00e1ndonos en gu\u00edas cl\u00ednicas actualizadas y en la tecnolog\u00eda disponible en nuestro servicio para proporcionar tratamientos de alta calidad.<\/p>\r\n<p style=\"font-weight: 400;text-align: center\">Te queremos aportar tambi\u00e9n comprensi\u00f3n, ayuda, compa\u00f1\u00eda, empat\u00eda y cuidado para hacer tu tratamiento m\u00e1s f\u00e1cil.<\/p>\r\n<p style=\"font-weight: 400;text-align: center\">Somos defensores de la atenci\u00f3n personalizada de cada paciente y formamos un gran equipo del que eres parte.<\/p>\r\n\r\n<h4 style=\"font-weight: 400;text-align: center\"><strong>Tratamos el c\u00e1ncer y cuidamos de ti.<\/strong><\/h4>\t\t\t\t\t\t  <\/div>\r\n\t\t\t\t\t\t<\/div>\r\n\t\t\t\t\t<\/div>\r\n\t\t\t\t\t<!-- Inner panel End -->\r\n\t\t\t\t\t\r\n\t\t\t\t\t\t\t<\/div>\r\n\t\t\t\r\n<script type=\"text\/javascript\">\r\n\t\r\n\t\tfunction do_resize(){\r\n\r\n\t\t\tvar width=jQuery( '.wpsm_panel .wpsm_panel-body iframe' ).width();\r\n\t\t\tvar height=jQuery( '.wpsm_panel .wpsm_panel-body iframe' ).height();\r\n\r\n\t\t\tvar toggleSize = true;\r\n\t\t\tjQuery('iframe').animate({\r\n\t\t\t    width: toggleSize ? width : 640,\r\n\t\t\t    height: toggleSize ? height : 360\r\n\t\t\t  }, 250);\r\n\r\n\t\t\t  toggleSize = !toggleSize;\r\n\t\t}\r\n\t\t\r\n<\/script>\t\n","protected":false},"excerpt":{"rendered":"","protected":false},"author":1,"featured_media":0,"parent":0,"menu_order":0,"comment_status":"closed","ping_status":"closed","template":"","meta":{"footnotes":""},"class_list":["post-316","page","type-page","status-publish","hentry"],"_links":{"self":[{"href":"https:\/\/oncoradioarrixaca.com\/index.php\/wp-json\/wp\/v2\/pages\/316","targetHints":{"allow":["GET"]}}],"collection":[{"href":"https:\/\/oncoradioarrixaca.com\/index.php\/wp-json\/wp\/v2\/pages"}],"about":[{"href":"https:\/\/oncoradioarrixaca.com\/index.php\/wp-json\/wp\/v2\/types\/page"}],"author":[{"embeddable":true,"href":"https:\/\/oncoradioarrixaca.com\/index.php\/wp-json\/wp\/v2\/users\/1"}],"replies":[{"embeddable":true,"href":"https:\/\/oncoradioarrixaca.com\/index.php\/wp-json\/wp\/v2\/comments?post=316"}],"version-history":[{"count":5,"href":"https:\/\/oncoradioarrixaca.com\/index.php\/wp-json\/wp\/v2\/pages\/316\/revisions"}],"predecessor-version":[{"id":334,"href":"https:\/\/oncoradioarrixaca.com\/index.php\/wp-json\/wp\/v2\/pages\/316\/revisions\/334"}],"wp:attachment":[{"href":"https:\/\/oncoradioarrixaca.com\/index.php\/wp-json\/wp\/v2\/media?parent=316"}],"curies":[{"name":"wp","href":"https:\/\/api.w.org\/{rel}","templated":true}]}}