{"id":211,"date":"2023-10-19T23:07:19","date_gmt":"2023-10-19T21:07:19","guid":{"rendered":"https:\/\/oncoradioarrixaca.com\/?page_id=211"},"modified":"2023-10-30T21:52:07","modified_gmt":"2023-10-30T19:52:07","slug":"inspiracion-mantenida","status":"publish","type":"page","link":"https:\/\/oncoradioarrixaca.com\/index.php\/inspiracion-mantenida\/","title":{"rendered":"Inspiraci\u00f3n Mantenida"},"content":{"rendered":"\n<div class=\"wp-block-columns is-layout-flex wp-container-core-columns-is-layout-9d6595d7 wp-block-columns-is-layout-flex\">\n<div class=\"wp-block-column is-layout-flow wp-block-column-is-layout-flow\" style=\"flex-basis:33.33%\">\n<p class=\"has-pale-pink-color has-white-background-color has-text-color has-background\">Informaci\u00f3n sobre el tratamiento del c\u00e1ncer de mama en inspiraci\u00f3n mantenida.<\/p>\n\n\n\n<p class=\"has-pale-pink-color has-white-background-color has-text-color has-background\">T\u00e9cnica que consigue disminuir la radiaci\u00f3n que recibe nuestro coraz\u00f3n en el tratamiento con radioterapia del c\u00e1ncer de mama.<\/p>\n<\/div>\n\n\n\n<div class=\"wp-block-column is-layout-flow wp-block-column-is-layout-flow\" style=\"flex-basis:66.66%\">\n<div data-wp-interactive=\"core\/file\" class=\"wp-block-file\"><object data-wp-bind--hidden=\"!state.hasPdfPreview\" hidden class=\"wp-block-file__embed\" data=\"https:\/\/oncoradioarrixaca.com\/wp-content\/uploads\/2023\/10\/Infografia-DIBH-qr-1.pdf\" type=\"application\/pdf\" style=\"width:100%;height:570px\" aria-label=\"PDF incrustado\"><\/object><a href=\"https:\/\/oncoradioarrixaca.com\/wp-content\/uploads\/2023\/10\/Infografia-DIBH-qr-1.pdf\" class=\"wp-block-file__button wp-element-button\" download><\/a><\/div>\n<\/div>\n<\/div>\n\n\n\n<div class=\"wp-block-columns is-layout-flex wp-container-core-columns-is-layout-9d6595d7 wp-block-columns-is-layout-flex\">\n<div class=\"wp-block-column is-layout-flow wp-block-column-is-layout-flow\" style=\"flex-basis:33.33%\"><\/div>\n\n\n\n<div class=\"wp-block-column is-layout-flow wp-block-column-is-layout-flow\" style=\"flex-basis:66.66%\">\n<div class=\"wp-block-buttons is-content-justification-center is-layout-flex wp-container-core-buttons-is-layout-16018d1d wp-block-buttons-is-layout-flex\">\n<div class=\"wp-block-button is-style-outline is-style-outline--1\"><a class=\"wp-block-button__link has-white-background-color has-background wp-element-button\" href=\"https:\/\/oncoradioarrixaca.com\/wp-content\/uploads\/2023\/10\/Infografia-DIBH-qr-1.pdf\" target=\"_blank\" rel=\"noreferrer noopener\">Descargar<\/a><\/div>\n<\/div>\n<\/div>\n<\/div>\n","protected":false},"excerpt":{"rendered":"<p>Informaci\u00f3n sobre el tratamiento del c\u00e1ncer de mama en inspiraci\u00f3n mantenida. T\u00e9cnica que consigue disminuir la radiaci\u00f3n que recibe nuestro coraz\u00f3n en el tratamiento con radioterapia del c\u00e1ncer de mama.<\/p>\n","protected":false},"author":1,"featured_media":0,"parent":0,"menu_order":0,"comment_status":"closed","ping_status":"closed","template":"","meta":{"footnotes":""},"class_list":["post-211","page","type-page","status-publish","hentry"],"_links":{"self":[{"href":"https:\/\/oncoradioarrixaca.com\/index.php\/wp-json\/wp\/v2\/pages\/211","targetHints":{"allow":["GET"]}}],"collection":[{"href":"https:\/\/oncoradioarrixaca.com\/index.php\/wp-json\/wp\/v2\/pages"}],"about":[{"href":"https:\/\/oncoradioarrixaca.com\/index.php\/wp-json\/wp\/v2\/types\/page"}],"author":[{"embeddable":true,"href":"https:\/\/oncoradioarrixaca.com\/index.php\/wp-json\/wp\/v2\/users\/1"}],"replies":[{"embeddable":true,"href":"https:\/\/oncoradioarrixaca.com\/index.php\/wp-json\/wp\/v2\/comments?post=211"}],"version-history":[{"count":7,"href":"https:\/\/oncoradioarrixaca.com\/index.php\/wp-json\/wp\/v2\/pages\/211\/revisions"}],"predecessor-version":[{"id":390,"href":"https:\/\/oncoradioarrixaca.com\/index.php\/wp-json\/wp\/v2\/pages\/211\/revisions\/390"}],"wp:attachment":[{"href":"https:\/\/oncoradioarrixaca.com\/index.php\/wp-json\/wp\/v2\/media?parent=211"}],"curies":[{"name":"wp","href":"https:\/\/api.w.org\/{rel}","templated":true}]}}