{"id":155,"date":"2023-10-16T23:16:16","date_gmt":"2023-10-16T21:16:16","guid":{"rendered":"https:\/\/oncoradioarrixaca.com\/?page_id=155"},"modified":"2023-11-16T12:06:24","modified_gmt":"2023-11-16T10:06:24","slug":"contacto","status":"publish","type":"page","link":"https:\/\/oncoradioarrixaca.com\/index.php\/contacto\/","title":{"rendered":"Contacto"},"content":{"rendered":"\n<div class=\"wp-block-columns is-layout-flex wp-container-core-columns-is-layout-9d6595d7 wp-block-columns-is-layout-flex\">\n<div class=\"wp-block-column is-layout-flow wp-block-column-is-layout-flow\" style=\"flex-basis:66.66%\">\n<figure class=\"wp-block-image size-full is-resized\"><img decoding=\"async\" src=\"https:\/\/oncoradioarrixaca.com\/wp-content\/uploads\/2023\/11\/Unknown.png\" alt=\"\" class=\"wp-image-422\" width=\"292\" height=\"120\" srcset=\"https:\/\/oncoradioarrixaca.com\/wp-content\/uploads\/2023\/11\/Unknown.png 349w, https:\/\/oncoradioarrixaca.com\/wp-content\/uploads\/2023\/11\/Unknown-300x124.png 300w\" sizes=\"(max-width: 292px) 100vw, 292px\" \/><\/figure>\n\n\n\n<figure class=\"wp-block-image size-large\"><img fetchpriority=\"high\" decoding=\"async\" width=\"1024\" height=\"768\" src=\"https:\/\/oncoradioarrixaca.com\/wp-content\/uploads\/2023\/10\/Foto-entrada-1024x768.jpg\" alt=\"\" class=\"wp-image-349\" srcset=\"https:\/\/oncoradioarrixaca.com\/wp-content\/uploads\/2023\/10\/Foto-entrada-1024x768.jpg 1024w, https:\/\/oncoradioarrixaca.com\/wp-content\/uploads\/2023\/10\/Foto-entrada-300x225.jpg 300w, https:\/\/oncoradioarrixaca.com\/wp-content\/uploads\/2023\/10\/Foto-entrada-768x576.jpg 768w, https:\/\/oncoradioarrixaca.com\/wp-content\/uploads\/2023\/10\/Foto-entrada-1536x1152.jpg 1536w, https:\/\/oncoradioarrixaca.com\/wp-content\/uploads\/2023\/10\/Foto-entrada-2048x1536.jpg 2048w, https:\/\/oncoradioarrixaca.com\/wp-content\/uploads\/2023\/10\/Foto-entrada-1440x1080.jpg 1440w\" sizes=\"(max-width: 1024px) 100vw, 1024px\" \/><\/figure>\n\n\n\n<p class=\"has-black-color has-white-background-color has-text-color has-background\"><strong>Localizaci\u00f3n:<\/strong> Hospital Cl\u00ednico Universitario Virgen de la Arrixaca, pabell\u00f3n general, planta -2, junto a Farmacia Hospitalaria.<\/p>\n\n\n\n<p class=\"has-black-color has-white-background-color has-text-color has-background\"><strong>Direcci\u00f3n<\/strong>: Ctra. Madrid-Cartagena, s\/n, 30120, El Palmar, Murcia<br><strong>Tel\u00e9fono centralita<\/strong>: 968 36 95 00<br><strong>Telefono Secretaria:<\/strong> 968 36 95 02<\/p>\n<\/div>\n\n\n\n<div class=\"wp-block-column is-layout-flow wp-block-column-is-layout-flow\" style=\"flex-basis:70%\">\n<div style=\"height:136px\" aria-hidden=\"true\" class=\"wp-block-spacer\"><\/div>\n\n\n\n<iframe src=\"https:\/\/www.google.com\/maps\/embed?pb=!1m18!1m12!1m3!1d3146.904492586191!2d-1.1651019241337712!3d37.932661603049446!2m3!1f0!2f0!3f0!3m2!1i1024!2i768!4f13.1!3m3!1m2!1s0xd637f1d3187d39d%3A0x1d76a6af01333fa5!2sHospital%20Cl%C3%ADnico%20Universitario%20Virgen%20de%20la%20Arrixaca!5e0!3m2!1ses!2ses!4v1697490044515!5m2!1ses!2ses\" width=\"600\" height=\"450\" style=\"border:0;\" allowfullscreen=\"\" loading=\"lazy\" referrerpolicy=\"no-referrer-when-downgrade\"><\/iframe>\n<\/div>\n<\/div>\n","protected":false},"excerpt":{"rendered":"<p>Localizaci\u00f3n: Hospital Cl\u00ednico Universitario Virgen de la Arrixaca, pabell\u00f3n general, planta -2, junto a Farmacia Hospitalaria. Direcci\u00f3n: Ctra. Madrid-Cartagena, s\/n, 30120, El Palmar, MurciaTel\u00e9fono centralita: 968 36 95 00Telefono Secretaria: 968 36 95 02<\/p>\n","protected":false},"author":1,"featured_media":0,"parent":0,"menu_order":0,"comment_status":"closed","ping_status":"closed","template":"","meta":{"footnotes":""},"class_list":["post-155","page","type-page","status-publish","hentry"],"_links":{"self":[{"href":"https:\/\/oncoradioarrixaca.com\/index.php\/wp-json\/wp\/v2\/pages\/155","targetHints":{"allow":["GET"]}}],"collection":[{"href":"https:\/\/oncoradioarrixaca.com\/index.php\/wp-json\/wp\/v2\/pages"}],"about":[{"href":"https:\/\/oncoradioarrixaca.com\/index.php\/wp-json\/wp\/v2\/types\/page"}],"author":[{"embeddable":true,"href":"https:\/\/oncoradioarrixaca.com\/index.php\/wp-json\/wp\/v2\/users\/1"}],"replies":[{"embeddable":true,"href":"https:\/\/oncoradioarrixaca.com\/index.php\/wp-json\/wp\/v2\/comments?post=155"}],"version-history":[{"count":13,"href":"https:\/\/oncoradioarrixaca.com\/index.php\/wp-json\/wp\/v2\/pages\/155\/revisions"}],"predecessor-version":[{"id":455,"href":"https:\/\/oncoradioarrixaca.com\/index.php\/wp-json\/wp\/v2\/pages\/155\/revisions\/455"}],"wp:attachment":[{"href":"https:\/\/oncoradioarrixaca.com\/index.php\/wp-json\/wp\/v2\/media?parent=155"}],"curies":[{"name":"wp","href":"https:\/\/api.w.org\/{rel}","templated":true}]}}