{"id":101,"date":"2023-10-08T19:35:28","date_gmt":"2023-10-08T17:35:28","guid":{"rendered":"https:\/\/oncoradioarrixaca.com\/?page_id=101"},"modified":"2024-11-11T22:04:50","modified_gmt":"2024-11-11T20:04:50","slug":"videos","status":"publish","type":"page","link":"https:\/\/oncoradioarrixaca.com\/index.php\/videos\/","title":{"rendered":"V\u00eddeos"},"content":{"rendered":"\n<div class=\"wp-block-columns is-layout-flex wp-container-core-columns-is-layout-9d6595d7 wp-block-columns-is-layout-flex\">\n<div class=\"wp-block-column is-layout-flow wp-block-column-is-layout-flow\">\n<figure class=\"wp-block-video\"><video height=\"480\" style=\"aspect-ratio: 848 \/ 480;\" width=\"848\" controls src=\"https:\/\/oncoradioarrixaca.com\/wp-content\/uploads\/2023\/10\/VIDEO-Version-para-web.mp4\"><\/video><\/figure>\n\n\n\n<p class=\"has-text-align-center has-black-color has-text-color has-link-color wp-elements-7b7a88fd0c49713b93798d4ef67dbd0a\"><strong>Primer d\u00eda en Radioterapia<\/strong><\/p>\n<\/div>\n\n\n\n<div class=\"wp-block-column is-layout-flow wp-block-column-is-layout-flow\">\n<figure class=\"wp-block-video\"><video height=\"360\" style=\"aspect-ratio: 640 \/ 360;\" width=\"640\" controls src=\"https:\/\/oncoradioarrixaca.com\/wp-content\/uploads\/2023\/10\/Video-cancer-de-mama-subtitulado.mov\"><\/video><\/figure>\n\n\n\n<p class=\"has-text-align-center has-black-color has-text-color has-link-color wp-elements-60d980fc6c8e0e72715a881a29d7893f\"><strong>D\u00eda mundial contra el C\u00e1ncer de Mama<\/strong><\/p>\n<\/div>\n<\/div>\n\n\n\n<div style=\"height:50px\" aria-hidden=\"true\" class=\"wp-block-spacer\"><\/div>\n\n\n\n<div class=\"wp-block-columns is-layout-flex wp-container-core-columns-is-layout-9d6595d7 wp-block-columns-is-layout-flex\">\n<div class=\"wp-block-column is-layout-flow wp-block-column-is-layout-flow\">\n<figure class=\"wp-block-video aligncenter\"><video height=\"1920\" style=\"aspect-ratio: 1080 \/ 1920;\" width=\"1080\" controls src=\"https:\/\/oncoradioarrixaca.com\/wp-content\/uploads\/2023\/11\/MOVEMBER-video-presentacion-31_10.mp4\"><\/video><\/figure>\n\n\n\n<p class=\"has-text-align-center has-black-color has-text-color has-link-color wp-elements-a176f54f2798c53269afd2907d1ec4cc\"><strong>Video Presentaci\u00f3n Movember<\/strong><\/p>\n<\/div>\n\n\n\n<div class=\"wp-block-column is-layout-flow wp-block-column-is-layout-flow\">\n<figure class=\"wp-block-video\"><video height=\"1080\" style=\"aspect-ratio: 1920 \/ 1080;\" width=\"1920\" controls src=\"https:\/\/oncoradioarrixaca.com\/wp-content\/uploads\/2024\/02\/Video-Inmovilizadores-31_01-1.mov\"><\/video><\/figure>\n\n\n\n<p class=\"has-text-align-center has-black-color has-text-color has-link-color wp-elements-5386d7b811dd51997ab90f9c2dbb0176\"><strong>Video sobre inmovilizadores en radioterapia<\/strong><\/p>\n\n\n\n<div style=\"height:100px\" aria-hidden=\"true\" class=\"wp-block-spacer\"><\/div>\n\n\n\n<figure class=\"wp-block-video\"><video height=\"1080\" style=\"aspect-ratio: 1920 \/ 1080;\" width=\"1920\" controls src=\"https:\/\/oncoradioarrixaca.com\/wp-content\/uploads\/2024\/02\/VIDEO-NAVIDAD-DEFINITIVO.mp4\"><\/video><\/figure>\n\n\n\n<p class=\"has-text-align-center has-black-color has-text-color has-link-color wp-elements-1049aa33d92bb842f704ebcfbec0c9ef\"><strong>\u00a1Feliz Navidad!<\/strong><\/p>\n<\/div>\n<\/div>\n\n\n\n<div style=\"height:50px\" aria-hidden=\"true\" class=\"wp-block-spacer\"><\/div>\n\n\n\n<div class=\"wp-block-columns is-layout-flex wp-container-core-columns-is-layout-9d6595d7 wp-block-columns-is-layout-flex\">\n<div class=\"wp-block-column is-layout-flow wp-block-column-is-layout-flow\">\n<figure class=\"wp-block-video\"><video height=\"1080\" style=\"aspect-ratio: 1920 \/ 1080;\" width=\"1920\" controls src=\"https:\/\/oncoradioarrixaca.com\/wp-content\/uploads\/2024\/03\/NUTRICION-Y-CANCER.mp4\"><\/video><\/figure>\n\n\n\n<p class=\"has-text-align-center has-black-color has-text-color has-link-color wp-elements-174e66d76103b1a8330109ab724a51ac\"><strong>\u00a1Nutrici\u00f3n y C\u00e1ncer!<\/strong> <\/p>\n\n\n\n<p class=\"has-text-align-center has-black-color has-text-color has-link-color wp-elements-4809abae8f792e985811dacb315c2850\"><strong>Entrevista a la Dra Mercedes Ferrer<\/strong><\/p>\n<\/div>\n\n\n\n<div class=\"wp-block-column is-layout-flow wp-block-column-is-layout-flow\">\n<figure class=\"wp-block-video\"><video height=\"1080\" style=\"aspect-ratio: 1920 \/ 1080;\" width=\"1920\" controls src=\"https:\/\/oncoradioarrixaca.com\/wp-content\/uploads\/2024\/03\/NEVER-SURRENDER-11_03.mp4\"><\/video><\/figure>\n\n\n\n<p class=\"has-text-align-center has-black-color has-text-color has-link-color wp-elements-7f21a315afadf728c024d6806e02dfe1\"><strong>Entrevista a Gines Torres de Never Surrender<\/strong><\/p>\n<\/div>\n<\/div>\n\n\n\n<div style=\"height:50px\" aria-hidden=\"true\" class=\"wp-block-spacer\"><\/div>\n\n\n\n<div class=\"wp-block-columns is-layout-flex wp-container-core-columns-is-layout-9d6595d7 wp-block-columns-is-layout-flex\">\n<div class=\"wp-block-column is-layout-flow wp-block-column-is-layout-flow\">\n<figure class=\"wp-block-video\"><video height=\"1080\" style=\"aspect-ratio: 1920 \/ 1080;\" width=\"1920\" controls src=\"https:\/\/oncoradioarrixaca.com\/wp-content\/uploads\/2024\/03\/TAC-simulacion.mp4\"><\/video><\/figure>\n\n\n\n<p class=\"has-text-align-center has-black-color has-text-color has-link-color wp-elements-d3ac70aee11dfcff9387c4e7824f557f\"><strong>TAC Simulaci\u00f3n<\/strong> <\/p>\n<\/div>\n\n\n\n<div class=\"wp-block-column is-layout-flow wp-block-column-is-layout-flow\">\n<figure class=\"wp-block-video\"><video height=\"480\" style=\"aspect-ratio: 848 \/ 480;\" width=\"848\" controls src=\"https:\/\/oncoradioarrixaca.com\/wp-content\/uploads\/2024\/05\/Video-primera-sesion-de-radioterapia.mp4\"><\/video><\/figure>\n\n\n\n<p class=\"has-text-align-center has-black-color has-text-color has-link-color wp-elements-98aac95002e3c8d74b51a9ec6f3254ea\"><strong>Primera sesi\u00f3n de radioterapia<\/strong><\/p>\n<\/div>\n<\/div>\n\n\n\n<div style=\"height:50px\" aria-hidden=\"true\" class=\"wp-block-spacer\"><\/div>\n\n\n\n<div class=\"wp-block-columns is-layout-flex wp-container-core-columns-is-layout-9d6595d7 wp-block-columns-is-layout-flex\">\n<div class=\"wp-block-column is-layout-flow wp-block-column-is-layout-flow\">\n<figure class=\"wp-block-video\"><video height=\"848\" style=\"aspect-ratio: 480 \/ 848;\" width=\"480\" controls src=\"https:\/\/oncoradioarrixaca.com\/wp-content\/uploads\/2024\/11\/VIDEO-CANCER-DE-MAMA.mp4\"><\/video><\/figure>\n\n\n\n<p class=\"has-text-align-center has-black-color has-text-color has-link-color wp-elements-ae35ebfe1bd5179e743c353ea0f6e213\"><strong>D\u00eda Mundial del C\u00e1ncer de mama<\/strong><\/p>\n<\/div>\n\n\n\n<div class=\"wp-block-column is-layout-flow wp-block-column-is-layout-flow\">\n<figure class=\"wp-block-video\"><video height=\"1920\" style=\"aspect-ratio: 1080 \/ 1920;\" width=\"1080\" controls src=\"https:\/\/oncoradioarrixaca.com\/wp-content\/uploads\/2024\/11\/@oncortarrixaca.mp4\"><\/video><\/figure>\n\n\n\n<p class=\"has-text-align-center has-black-color has-text-color has-link-color wp-elements-279bcb5f1b9469c7584be1b5e5fbf5e9\"><strong>Inspiraci\u00f3n Mantenida<\/strong><\/p>\n<\/div>\n<\/div>\n","protected":false},"excerpt":{"rendered":"<p>Primer d\u00eda en Radioterapia D\u00eda mundial contra el C\u00e1ncer de Mama Video Presentaci\u00f3n Movember Video sobre inmovilizadores en radioterapia \u00a1Feliz Navidad! \u00a1Nutrici\u00f3n y C\u00e1ncer! Entrevista a la Dra Mercedes Ferrer Entrevista a Gines Torres de Never Surrender TAC Simulaci\u00f3n Primera sesi\u00f3n de radioterapia D\u00eda Mundial del C\u00e1ncer de mama Inspiraci\u00f3n Mantenida<\/p>\n","protected":false},"author":1,"featured_media":0,"parent":0,"menu_order":0,"comment_status":"closed","ping_status":"closed","template":"","meta":{"footnotes":""},"class_list":["post-101","page","type-page","status-publish","hentry"],"_links":{"self":[{"href":"https:\/\/oncoradioarrixaca.com\/index.php\/wp-json\/wp\/v2\/pages\/101","targetHints":{"allow":["GET"]}}],"collection":[{"href":"https:\/\/oncoradioarrixaca.com\/index.php\/wp-json\/wp\/v2\/pages"}],"about":[{"href":"https:\/\/oncoradioarrixaca.com\/index.php\/wp-json\/wp\/v2\/types\/page"}],"author":[{"embeddable":true,"href":"https:\/\/oncoradioarrixaca.com\/index.php\/wp-json\/wp\/v2\/users\/1"}],"replies":[{"embeddable":true,"href":"https:\/\/oncoradioarrixaca.com\/index.php\/wp-json\/wp\/v2\/comments?post=101"}],"version-history":[{"count":23,"href":"https:\/\/oncoradioarrixaca.com\/index.php\/wp-json\/wp\/v2\/pages\/101\/revisions"}],"predecessor-version":[{"id":1179,"href":"https:\/\/oncoradioarrixaca.com\/index.php\/wp-json\/wp\/v2\/pages\/101\/revisions\/1179"}],"wp:attachment":[{"href":"https:\/\/oncoradioarrixaca.com\/index.php\/wp-json\/wp\/v2\/media?parent=101"}],"curies":[{"name":"wp","href":"https:\/\/api.w.org\/{rel}","templated":true}]}}